{"id":81,"date":"2023-01-23T07:41:16","date_gmt":"2023-01-23T07:41:16","guid":{"rendered":"http:\/\/bracketweb.com\/agrionwp\/?page_id=81"},"modified":"2026-02-08T09:19:36","modified_gmt":"2026-02-08T09:19:36","slug":"kurucularimiz","status":"publish","type":"page","link":"https:\/\/mehmetelvan.com\/ar\/kurucularimiz\/","title":{"rendered":"Kurucular\u0131m\u0131z"},"content":{"rendered":"<div data-elementor-type=\"wp-page\" data-elementor-id=\"81\" class=\"elementor elementor-81\" data-elementor-post-type=\"page\">\n\t\t\t\t\t\t<section class=\"elementor-section elementor-top-section elementor-element elementor-element-913805e elementor-section-full_width elementor-section-height-default elementor-section-height-default\" data-id=\"913805e\" data-element_type=\"section\">\n\t\t\t\t\t\t<div class=\"elementor-container elementor-column-gap-no\">\n\t\t\t\t\t<div class=\"elementor-column elementor-col-100 elementor-top-column elementor-element elementor-element-8c44faa\" data-id=\"8c44faa\" data-element_type=\"column\">\n\t\t\t<div class=\"elementor-widget-wrap\">\n\t\t\t\t\t\t\t<\/div>\n\t\t<\/div>\n\t\t\t\t\t<\/div>\n\t\t<\/section>\n\t\t<div class=\"elementor-element elementor-element-04408ed e-flex e-con-boxed e-con e-parent\" data-id=\"04408ed\" data-element_type=\"container\">\n\t\t\t\t\t<div class=\"e-con-inner\">\n\t\t\t\t<div class=\"elementor-element elementor-element-7f041e0 elementor-widget elementor-widget-html\" data-id=\"7f041e0\" data-element_type=\"widget\" data-widget_type=\"html.default\">\n\t\t\t\t\t<section class=\"evr-founders\" id=\"kurucularimiz\">\n  <div class=\"evr-founders__container\">\n    <header class=\"evr-founders__header\">\n     \n      <p class=\"evr-founders__subtitle\">\n        Evrenkaya\u2019n\u0131n bug\u00fcn ula\u015ft\u0131\u011f\u0131 g\u00fcvenilir marka kimli\u011fi; ge\u00e7mi\u015ften bug\u00fcne uzanan emek, vizyon ve sorumluluk bilinciyle in\u015fa edilmi\u015ftir.\n      <\/p>\n    <\/header>\n\n    <!-- Founder 1 -->\n    <article class=\"evr-founder\">\n      <div class=\"evr-founder__media\">\n        <img decoding=\"async\"\n          src=\"https:\/\/mehmetelvan.com\/wp-content\/uploads\/2026\/02\/Kurucu-Abdullah-Evrenkaya-1.jpg\"\n          alt=\"Abdullah Evrenkaya\"\n          loading=\"lazy\"\n        \/>\n      <\/div>\n      <div class=\"evr-founder__content\">\n        <div class=\"evr-founder__top\">\n          <h3 class=\"evr-founder__name\">Abdullah Evrenkaya<\/h3>\n          <div class=\"evr-founder__meta\">\n            <span class=\"evr-badge\">Kurucu<\/span>\n            <span class=\"evr-muted\">1901 \u2013 1991<\/span>\n          <\/div>\n        <\/div>\n        <p class=\"evr-founder__text\">\n          1901 y\u0131l\u0131nda Afyon\u2019da do\u011fan Abdullah Evrenkaya, Cumhuriyet\u2019in ilan\u0131ndan sonra \u015fekillenen yeni ekonomik d\u00fczende Afyon\u2019un \u00f6nde gelen t\u00fcccarlar\u0131 aras\u0131nda yer alm\u0131\u015ft\u0131r. 1926 y\u0131l\u0131ndan itibaren ticaret hayat\u0131na aktif olarak at\u0131lan Abdullah Evrenkaya, giri\u015fimci kimli\u011fi ve \u00fcretime olan inanc\u0131yla b\u00f6lgesel kalk\u0131nmaya katk\u0131 sunan isimlerden biri olmu\u015ftur.\n\nD\u00f6nemin \u015fartlar\u0131 i\u00e7erisinde Afyon\u2019da akrabalar\u0131yla birlikte ilk un fabrikas\u0131n\u0131n temellerini atan Abdullah Evrenkaya, sanayi ve \u00fcretim odakl\u0131 ticaret anlay\u0131\u015f\u0131n\u0131 benimsemi\u015ftir. D\u00fcr\u00fcstl\u00fck, \u00e7al\u0131\u015fkanl\u0131k ve istikrar\u0131 esas alan yakla\u015f\u0131m\u0131yla yaln\u0131zca bir i\u015fletme de\u011fil, ku\u015faklar boyunca devam edecek bir ticari miras b\u0131rakm\u0131\u015ft\u0131r. Bug\u00fcn Evrenkaya markas\u0131n\u0131n sahip oldu\u011fu k\u00f6kl\u00fc yap\u0131, onun att\u0131\u011f\u0131 bu sa\u011flam temeller \u00fczerine in\u015fa edilmi\u015ftir.\n        <\/p>\n      <\/div>\n    <\/article>\n\n    <!-- Founder 2 -->\n    <article class=\"evr-founder\">\n      <div class=\"evr-founder__media\">\n        <img decoding=\"async\"\n          src=\"https:\/\/mehmetelvan.com\/wp-content\/uploads\/2026\/02\/mehmet-yasar-evrenkaya-1.jpg\"\n          alt=\"Mehmet Ya\u015far Evrenkaya\"\n          loading=\"lazy\"\n        \/>\n      <\/div>\n      <div class=\"evr-founder__content\">\n        <div class=\"evr-founder__top\">\n          <h3 class=\"evr-founder__name\">Mehmet Ya\u015far Evrenkaya<\/h3>\n          <div class=\"evr-founder__meta\">\n            <span class=\"evr-badge\">\u0130kinci Ku\u015fak<\/span>\n            <span class=\"evr-muted\">1937 \u2013 2013<\/span>\n          <\/div>\n        <\/div>\n        <p class=\"evr-founder__text\">\n          1937 y\u0131l\u0131nda Afyonkarahisar\u2019da do\u011fan Mehmet Ya\u015far Evrenkaya, askerlik g\u00f6revini tamamlad\u0131ktan sonra aileden devrald\u0131\u011f\u0131 ticari birikimi daha da ileriye ta\u015f\u0131ma hedefiyle i\u015f hayat\u0131na at\u0131lm\u0131\u015ft\u0131r. Babas\u0131n\u0131n un sanayicisi olmas\u0131 nedeniyle \u00fcretim s\u00fcre\u00e7lerine yak\u0131ndan h\u00e2kim olan Mehmet Ya\u015far Evrenkaya, 1960\u2019l\u0131 y\u0131llarda Afyon\u2019da \u00fc\u00e7 farkl\u0131 noktada ekmek \u00fcretimine ba\u015flayarak ticari faaliyetlerini geni\u015fletmi\u015ftir. Afyonkarahisar\u2019\u0131n sosyoekonomik geli\u015fimine \u00f6nemli katk\u0131lar sa\u011flayan Mehmet Ya\u015far Evrenkaya, \u00e7e\u015fitli d\u00f6nemler i\u00e7erisinde il siyasi hayat\u0131n\u0131n etkin ve aranan isimlerinden birisi olmu\u015ftur.\n\n\u00dcretim ve g\u0131da sekt\u00f6r\u00fcndeki tecr\u00fcbesini farkl\u0131 alanlara ta\u015f\u0131yan Mehmet Ya\u015far Evrenkaya, 1972 y\u0131l\u0131nda yem ve yumurta \u00fcretiminin temellerini atarak Evrenkaya\u2019n\u0131n bug\u00fcnk\u00fc ana faaliyet alanlar\u0131n\u0131n olu\u015fmas\u0131nda belirleyici rol oynam\u0131\u015ft\u0131r. \u00dcretimde kaliteyi ve s\u00fcreklili\u011fi esas alan yakla\u015f\u0131m\u0131, Evrenkaya\u2019n\u0131n b\u00f6lgesel bir \u00fcretici kimli\u011finden g\u00fc\u00e7l\u00fc bir marka yap\u0131s\u0131na d\u00f6n\u00fc\u015fmesinin \u00f6n\u00fcn\u00fc a\u00e7m\u0131\u015ft\u0131r.\n        <\/p>\n      <\/div>\n    <\/article>\n\n    <!-- Founder 3 -->\n    <article class=\"evr-founder\">\n      <div class=\"evr-founder__media\">\n        <img decoding=\"async\"\n          src=\"https:\/\/mehmetelvan.com\/wp-content\/uploads\/2026\/02\/abdullahevrenkaya-1.jpg\"\n          alt=\"Abdullah Evrenkaya\"\n          loading=\"lazy\"\n        \/>\n      <\/div>\n      <div class=\"evr-founder__content\">\n        <div class=\"evr-founder__top\">\n          <h3 class=\"evr-founder__name\">Abdullah Evrenkaya<\/h3>\n          <div class=\"evr-founder__meta\">\n            <span class=\"evr-badge\">\u00dc\u00e7\u00fcnc\u00fc Ku\u015fak<\/span>\n            <span class=\"evr-muted\">1962 \u2013<\/span>\n          <\/div>\n        <\/div>\n        <p class=\"evr-founder__text\">\n          1962 y\u0131l\u0131nda Afyonkarahisar\u2019da do\u011fan Abdullah Evrenkaya, i\u015f hayat\u0131na 1979 y\u0131l\u0131nda babas\u0131 Mehmet Ya\u015far Evrenkaya\u2019ya ait i\u015fletmelerde ba\u015flam\u0131\u015ft\u0131r. Ticari hayata olan g\u00fc\u00e7l\u00fc e\u011filimi nedeniyle e\u011fitim hayat\u0131n\u0131 yar\u0131da b\u0131rakarak, gen\u00e7 ya\u015flardan itibaren \u00fcretim sahas\u0131nda aktif g\u00f6rev alm\u0131\u015f; i\u015fletmenin g\u00fcnl\u00fck operasyonlar\u0131ndan tesis y\u00f6netimine kadar pek \u00e7ok s\u00fcreci bizzat y\u00f6neterek sanayicilik disiplinini sahada kazanm\u0131\u015ft\u0131r.\n\nGiri\u015fimci vizyonuyla hen\u00fcz gen\u00e7 ya\u015flarda grubun faaliyet alanlar\u0131n\u0131 geni\u015fletmeyi hedefleyen Abdullah Evrenkaya, 1986 y\u0131l\u0131nda Evrenkaya \u0130n\u015faat\u2019\u0131 kurmu\u015f ve 1990 y\u0131l\u0131nda ilk in\u015faat projesini ba\u015far\u0131yla tamamlam\u0131\u015ft\u0131r. O g\u00fcnden bug\u00fcne, modern mimari anlay\u0131\u015f\u0131, yenilik\u00e7i projeleri ve vizyoner bak\u0131\u015f a\u00e7\u0131s\u0131yla Evrenkaya \u0130n\u015faat\u2019\u0131n istikrarl\u0131 b\u00fcy\u00fcmesine liderlik etmektedir.\n\n\u0130n\u015faat sekt\u00f6r\u00fcndeki bu ba\u015far\u0131lar\u0131n\u0131n yan\u0131 s\u0131ra, ana faaliyet dal\u0131 olan Evrenkaya markas\u0131n\u0131n kurumsal d\u00f6n\u00fc\u015f\u00fcm\u00fcnde de kritik sorumluluklar \u00fcstlenmi\u015ftir. \u00d6zellikle \u00fcretim altyap\u0131s\u0131n\u0131n g\u00fc\u00e7lendirilmesi, tesisle\u015fme yat\u0131r\u0131mlar\u0131 ve s\u00fcre\u00e7lerin modernize edilmesi konular\u0131na odaklanarak, markan\u0131n bug\u00fcnk\u00fc end\u00fcstriyel g\u00fcc\u00fcne ula\u015fmas\u0131nda belirleyici rol oynam\u0131\u015ft\u0131r.\n\nBug\u00fcn hem g\u0131da taraf\u0131ndaki operasyonel s\u00fcreklili\u011fin sa\u011flanmas\u0131nda hem de in\u015faat grubundaki nitelikli projelerin y\u00f6netiminde aktif rol alan Abdullah Evrenkaya, evli ve \u00fc\u00e7 \u00e7ocuk babas\u0131d\u0131r.\n        <\/p>\n      <\/div>\n    <\/article>\n\n    <!-- Founder 4 -->\n    <article class=\"evr-founder\">\n      <div class=\"evr-founder__media\">\n        <img decoding=\"async\"\n          src=\"https:\/\/mehmetelvan.com\/wp-content\/uploads\/2026\/02\/saitevrenkaya-1.jpg\"\n          alt=\"Hac\u0131 Salih Evrenkaya\"\n          loading=\"lazy\"\n        \/>\n      <\/div>\n      <div class=\"evr-founder__content\">\n        <div class=\"evr-founder__top\">\n          <h3 class=\"evr-founder__name\">Hac\u0131 Sait Evrenkaya<\/h3>\n          <div class=\"evr-founder__meta\">\n            <span class=\"evr-badge\">\u00dc\u00e7\u00fcnc\u00fc Ku\u015fak<\/span>\n            <span class=\"evr-muted\">1966 \u2013<\/span>\n          <\/div>\n        <\/div>\n        <p class=\"evr-founder__text\">\n          1966 y\u0131l\u0131nda Afyonkarahisar\u2019da do\u011fan Hac\u0131 Sait Evrenkaya, ticaret hayat\u0131na a\u011fabeyi Abdullah Evrenkaya ile birlikte aile \u015firketinde ad\u0131m atm\u0131\u015ft\u0131r. \u00dcretimin yan\u0131 s\u0131ra, \u00f6zellikle yumurta sekt\u00f6r\u00fcn\u00fcn tan\u0131t\u0131m\u0131, \u00fcr\u00fcnlerin pazarlanmas\u0131 ve sekt\u00f6r payda\u015flar\u0131yla ili\u015fkilerin geli\u015ftirilmesi alanlar\u0131nda yo\u011fun \u00e7al\u0131\u015fmalar y\u00fcr\u00fctm\u00fc\u015ft\u00fcr.\n\nEvrenkaya markas\u0131n\u0131n yaln\u0131zca \u00fcretim g\u00fcc\u00fcyle de\u011fil, pazardaki bilinirli\u011fi ve g\u00fcven alg\u0131s\u0131yla da b\u00fcy\u00fcmesi gerekti\u011fi anlay\u0131\u015f\u0131yla hareket eden Hac\u0131 Sait Evrenkaya; sat\u0131\u015f a\u011flar\u0131n\u0131n geni\u015fletilmesi, m\u00fc\u015fteri ili\u015fkilerinin g\u00fc\u00e7lendirilmesi ve markan\u0131n d\u0131\u015f payda\u015flar nezdinde do\u011fru \u015fekilde temsil edilmesi konular\u0131nda aktif rol \u00fcstlenmi\u015ftir.\n\nSekt\u00f6rel geli\u015fim ad\u0131na Afyon Yumurta A.\u015e.\u2019nin kurulu\u015funda ve b\u00fcy\u00fcme s\u00fcrecinde de\u011ferli katk\u0131lar sunan Hac\u0131 Sait Evrenkaya, bu olu\u015fumla birlikte sekt\u00f6r\u00fcn ihracat hamlesinde lokomotif rol\u00fc \u00fcstlenmi\u015f; Afyonkarahisar yumurtas\u0131n\u0131n uluslararas\u0131 pazarlara a\u00e7\u0131lmas\u0131nda ve marka de\u011ferinin s\u0131n\u0131r \u00f6tesine ta\u015f\u0131nmas\u0131nda \u00f6nc\u00fc bir rol oynam\u0131\u015ft\u0131r.\n\n\u0130\u015f hayat\u0131ndaki bu ba\u015far\u0131lar\u0131n\u0131n yan\u0131 s\u0131ra 2009 y\u0131l\u0131ndan sonra \u00e7e\u015fitli siyasi partilerde y\u00f6netim kurulu \u00fcyeli\u011fi ve 10 y\u0131l s\u00fcreyle Belediye Meclis \u00dcyeli\u011fi g\u00f6revlerinde bulunmu\u015ftur. Hem Evrenkaya markas\u0131n\u0131n hem de sekt\u00f6r\u00fcn b\u00f6lgesel ve ulusal d\u00fczeydeki temsiliyetini g\u00fc\u00e7lendiren Hac\u0131 Sait Evrenkaya, evli ve \u00fc\u00e7 \u00e7ocuk babas\u0131d\u0131r.\n        <\/p>\n      <\/div>\n    <\/article>\n  <\/div>\n<\/section>\n\n<style>\n  .evr-founders{\n    padding: clamp(28px, 4vw, 56px) 0;\n    background: #fff;\n  }\n\n  .evr-founders__container{\n    width: min(1100px, calc(100% - 32px));\n    margin: 0 auto;\n  }\n\n  .evr-founders__header{\n    text-align: center;\n    margin-bottom: clamp(18px, 3vw, 34px);\n  }\n\n  .evr-founders__title{\n    font-size: clamp(24px, 3vw, 40px);\n    line-height: 1.15;\n    margin: 0 0 10px;\n    letter-spacing: .3px;\n  }\n\n  .evr-founders__subtitle{\n    margin: 0 auto;\n    max-width: 720px;\n    color: #5b6472;\n    font-size: 16px;\n    line-height: 1.7;\n  }\n\n  .evr-founder{\n    display: grid;\n    grid-template-columns: 320px 1fr;\n    gap: clamp(16px, 3vw, 28px);\n    align-items: center;\n    padding: clamp(16px, 2.6vw, 22px);\n    border: 1px solid rgba(20, 30, 40, .08);\n    border-radius: 18px;\n    box-shadow: 0 12px 28px rgba(10, 24, 55, .06);\n    margin-bottom: 16px;\n    background: #fff;\n  }\n\n\/* ======================================================\n   FOUNDERS \u2013 MEDIA (N\u0130HA\u0130 VERS\u0130YON)\n   ====================================================== *\/\n\n\/* G\u00f6rsel alan\u0131 \u2013 masa\u00fcst\u00fc *\/\n.evr-founder__media {\n  width: 100%;\n  max-width: 360px;\n  aspect-ratio: 3 \/ 4;              \/* portre *\/\n  display: flex;\n  align-items: center;\n  justify-content: center;\n  background: #f1f1f1;\n  border-radius: 18px;\n  overflow: hidden;\n}\n\n\/* G\u00f6rsel *\/\n.evr-founder__media img {\n  width: 100%;\n  height: 100%;\n  object-fit: contain;              \/* KESME YOK *\/\n  object-position: center;\n}\n\n\/* ======================================================\n   TABLET + MOB\u0130L (genel)\n   ====================================================== *\/\n@media (max-width: 860px) {\n  .evr-founder {\n    grid-template-columns: 1fr;\n  }\n\n  .evr-founder__media {\n    max-width: 100%;\n    aspect-ratio: 3 \/ 4;            \/* yatayla\u015fma YOK *\/\n    padding: 0;                     \/* yak\u0131n g\u00f6r\u00fcn\u00fcm *\/\n  }\n}\n\n\/* ======================================================\n   MOB\u0130L D\u0130KEY\n   ====================================================== *\/\n@media (max-width: 768px) {\n  .evr-founder__media {\n    aspect-ratio: 4 \/ 5;            \/* mobil i\u00e7in ideal *\/\n  }\n}\n\n\/* ======================================================\n   MOB\u0130L YATAY (LANDSCAPE)\n   ====================================================== *\/\n@media (max-width: 900px) and (orientation: landscape) {\n  .evr-founder__media {\n    aspect-ratio: 3 \/ 4;            \/* asla 16\/10 yok *\/\n    padding: 0;\n  }\n}\n\n\n\n  .evr-founder__top{\n    display: grid;\n    gap: 10px;\n    margin-bottom: 10px;\n  }\n\n  .evr-founder__name{\n    margin: 0;\n    font-size: 22px;\n    line-height: 1.25;\n    letter-spacing: .2px;\n  }\n\n  .evr-founder__meta{\n    display: flex;\n    gap: 10px;\n    flex-wrap: wrap;\n    align-items: center;\n  }\n\n  .evr-badge{\n    font-size: 12px;\n    padding: 6px 10px;\n    border-radius: 999px;\n    border: 1px solid rgba(20, 30, 40, .12);\n    background: rgba(20, 30, 40, .03);\n  }\n\n  .evr-muted{\n    color: #5b6472;\n    font-size: 13px;\n  }\n\n  .evr-founder__text{\n    margin: 0;\n    color: #2d3640;\n    font-size: 15.5px;\n    line-height: 1.8;\n  }\n\n  \n<\/style>\n\t\t\t\t<\/div>\n\t\t\t\t\t<\/div>\n\t\t\t\t<\/div>\n\t\t\t\t<\/div>","protected":false},"excerpt":{"rendered":"<p>Evrenkaya\u2019n\u0131n bug\u00fcn ula\u015ft\u0131\u011f\u0131 g\u00fcvenilir marka kimli\u011fi; ge\u00e7mi\u015ften bug\u00fcne uzanan emek, vizyon ve sorumluluk bilinciyle in\u015fa edilmi\u015ftir. Abdullah Evrenkaya Kurucu 1901 \u2013 1991 1901 y\u0131l\u0131nda Afyon\u2019da do\u011fan Abdullah Evrenkaya, Cumhuriyet\u2019in ilan\u0131ndan sonra \u015fekillenen yeni ekonomik d\u00fczende Afyon\u2019un \u00f6nde gelen t\u00fcccarlar\u0131 aras\u0131nda yer alm\u0131\u015ft\u0131r. 1926 y\u0131l\u0131ndan itibaren ticaret hayat\u0131na aktif olarak at\u0131lan Abdullah Evrenkaya, giri\u015fimci kimli\u011fi ve [&hellip;]<\/p>","protected":false},"author":1,"featured_media":0,"parent":0,"menu_order":0,"comment_status":"closed","ping_status":"closed","template":"elementor_header_footer","meta":{"footnotes":""},"class_list":["post-81","page","type-page","status-publish","hentry"],"_links":{"self":[{"href":"https:\/\/mehmetelvan.com\/ar\/wp-json\/wp\/v2\/pages\/81","targetHints":{"allow":["GET"]}}],"collection":[{"href":"https:\/\/mehmetelvan.com\/ar\/wp-json\/wp\/v2\/pages"}],"about":[{"href":"https:\/\/mehmetelvan.com\/ar\/wp-json\/wp\/v2\/types\/page"}],"author":[{"embeddable":true,"href":"https:\/\/mehmetelvan.com\/ar\/wp-json\/wp\/v2\/users\/1"}],"replies":[{"embeddable":true,"href":"https:\/\/mehmetelvan.com\/ar\/wp-json\/wp\/v2\/comments?post=81"}],"version-history":[{"count":25,"href":"https:\/\/mehmetelvan.com\/ar\/wp-json\/wp\/v2\/pages\/81\/revisions"}],"predecessor-version":[{"id":2215,"href":"https:\/\/mehmetelvan.com\/ar\/wp-json\/wp\/v2\/pages\/81\/revisions\/2215"}],"wp:attachment":[{"href":"https:\/\/mehmetelvan.com\/ar\/wp-json\/wp\/v2\/media?parent=81"}],"curies":[{"name":"wp","href":"https:\/\/api.w.org\/{rel}","templated":true}]}}