{"id":531,"date":"2023-01-25T08:00:22","date_gmt":"2023-01-25T08:00:22","guid":{"rendered":"http:\/\/bracketweb.com\/agrionwp\/?page_id=531"},"modified":"2025-12-08T11:35:08","modified_gmt":"2025-12-08T11:35:08","slug":"sikca-sorulan-sorular","status":"publish","type":"page","link":"https:\/\/mehmetelvan.com\/ar\/sikca-sorulan-sorular\/","title":{"rendered":"\u0627\u0644\u0623\u0633\u0626\u0644\u0629 \u0627\u0644\u0634\u0627\u0626\u0639\u0629"},"content":{"rendered":"<div data-elementor-type=\"wp-page\" data-elementor-id=\"531\" class=\"elementor elementor-531\" data-elementor-post-type=\"page\">\n\t\t\t\t\t\t<section class=\"elementor-section elementor-top-section elementor-element elementor-element-cc9c30d elementor-section-full_width faq-page elementor-section-height-default elementor-section-height-default\" data-id=\"cc9c30d\" data-element_type=\"section\">\n\t\t\t\t\t\t<div class=\"elementor-container elementor-column-gap-no\">\n\t\t\t\t\t<div class=\"elementor-column elementor-col-100 elementor-top-column elementor-element elementor-element-94d98fa\" data-id=\"94d98fa\" data-element_type=\"column\">\n\t\t\t<div class=\"elementor-widget-wrap elementor-element-populated\">\n\t\t\t\t\t\t<div class=\"elementor-element elementor-element-18f1197 elementor-widget elementor-widget-agrion-shape\" data-id=\"18f1197\" data-element_type=\"widget\" data-widget_type=\"agrion-shape.default\">\n\t\t\t\t<div class=\"elementor-widget-container\">\n\t\t\t\t\t\t<div class=\"faq-page-shape-1 float-bob-x\" style=\"background-image: url(http:\/\/bracketweb.com\/agrionwp\/wp-content\/uploads\/2023\/01\/faq-page-shape-1.png);\"><\/div>\r\n\t\t\t\t<\/div>\n\t\t\t\t<\/div>\n\t\t\t\t<section class=\"elementor-section elementor-inner-section elementor-element elementor-element-cffca30 elementor-section-boxed elementor-section-height-default elementor-section-height-default\" data-id=\"cffca30\" data-element_type=\"section\">\n\t\t\t\t\t\t<div class=\"elementor-container elementor-column-gap-default\">\n\t\t\t\t\t<div class=\"elementor-column elementor-col-50 elementor-inner-column elementor-element elementor-element-277d1b5\" data-id=\"277d1b5\" data-element_type=\"column\">\n\t\t\t<div class=\"elementor-widget-wrap elementor-element-populated\">\n\t\t\t\t\t\t<div class=\"elementor-element elementor-element-737b305 elementor-widget elementor-widget-agrion-faq\" data-id=\"737b305\" data-element_type=\"widget\" data-widget_type=\"agrion-faq.default\">\n\t\t\t\t<div class=\"elementor-widget-container\">\n\t\t\t\t\t    <div class=\"accrodion-grp faq-one-accrodion\" data-grp-name=\"faq-one-accrodion-69d0b1a6115ea\">\r\n                    <div class=\"accrodion active\">\r\n                <div class=\"accrodion-title\">\r\n                    <h4 class=\"\">\u0645\u0627 \u0647\u0648 \u0628\u064a\u0636 \u0627\u0644\u062f\u062c\u0627\u062c \u0627\u0644\u062d\u0631\u061f<\/h4>                <\/div>\r\n                <div class=\"accrodion-content\">\r\n                    <div class=\"inner\">\r\n                        <p class=\"\">Serbest gezen tavuk yumurtalar\u0131, tavuklar\u0131n geni\u015f alanlarda dola\u015fabildi\u011fi, do\u011fal g\u00fcne\u015f \u0131\u015f\u0131\u011f\u0131 ald\u0131\u011f\u0131 ve do\u011fal davran\u0131\u015flar\u0131n\u0131 sergileyebildi\u011fi \u00e7iftlik ko\u015fullar\u0131nda elde edilen yumurtalard\u0131r. Kafes i\u00e7inde tutulmazlar ve do\u011fal hareketlilikleri besin kalitesine olumlu yans\u0131r.<\/p>                    <\/div><!-- \/.inner -->\r\n                <\/div>\r\n            <\/div>\r\n                    <div class=\"accrodion\">\r\n                <div class=\"accrodion-title\">\r\n                    <h4 class=\"\">Organik Yumurta ve Serbest Gezen Yumurta Aras\u0131ndaki Fark Nedir?<\/h4>                <\/div>\r\n                <div class=\"accrodion-content\">\r\n                    <div class=\"inner\">\r\n                        <p class=\"\">Organik yumurta \u00fcretiminde yem tamamen organiktir ve kimyasal katk\u0131 i\u00e7ermez. Serbest gezen yumurtada ise tavuklar \u00f6zg\u00fcr dola\u015f\u0131r fakat yem organik olmak zorunda de\u011fildir. Her ikisi de hayvan refah\u0131 a\u00e7\u0131s\u0131ndan \u00fcst d\u00fczey \u00fcretim modelleridir.<\/p>                    <\/div><!-- \/.inner -->\r\n                <\/div>\r\n            <\/div>\r\n                    <div class=\"accrodion\">\r\n                <div class=\"accrodion-title\">\r\n                    <h4 class=\"\">Serbest Gezen Yumurtalar Daha Besleyici midir?<\/h4>                <\/div>\r\n                <div class=\"accrodion-content\">\r\n                    <div class=\"inner\">\r\n                        <p class=\"\">Serbest dola\u015f\u0131m sayesinde tavuklar stres ya\u015famaz ve do\u011fal ye\u015fillik t\u00fcketebilir. Bu durum yumurtan\u0131n sar\u0131 rengi, aroma kalitesi ve ya\u011f-protein dengesine olumlu etki eder.<\/p>                    <\/div><!-- \/.inner -->\r\n                <\/div>\r\n            <\/div>\r\n                    <div class=\"accrodion\">\r\n                <div class=\"accrodion-title\">\r\n                    <h4 class=\"\">G\u00fcnl\u00fck \u00dcretim Yumurtas\u0131 Ne Demektir?<\/h4>                <\/div>\r\n                <div class=\"accrodion-content\">\r\n                    <div class=\"inner\">\r\n                        <p class=\"\">G\u00fcnl\u00fck \u00fcretim yumurtas\u0131, ayn\u0131 g\u00fcn toplanan, s\u0131n\u0131fland\u0131r\u0131lan ve paketlenen yumurta anlam\u0131na gelir. Taze t\u00fcketim i\u00e7in en ideal y\u00f6ntemdir.<\/p>                    <\/div><!-- \/.inner -->\r\n                <\/div>\r\n            <\/div>\r\n                    <div class=\"accrodion\">\r\n                <div class=\"accrodion-title\">\r\n                    <h4 class=\"\">Yumurtan\u0131n Tazeli\u011fi Nas\u0131l Anla\u015f\u0131l\u0131r?<\/h4>                <\/div>\r\n                <div class=\"accrodion-content\">\r\n                    <div class=\"inner\">\r\n                        <p class=\"\">Taze yumurta suya b\u0131rak\u0131ld\u0131\u011f\u0131nda dibe batar\n<br>\nBayat yumurta suyun y\u00fczeyinde y\u00fczer\n<br>\nKabu\u011fu sa\u011flamsa ve sar\u0131s\u0131 y\u00fcksek duruyorsa tazedir<\/p>                    <\/div><!-- \/.inner -->\r\n                <\/div>\r\n            <\/div>\r\n                    <div class=\"accrodion\">\r\n                <div class=\"accrodion-title\">\r\n                    <h4 class=\"\">Yumurta Nas\u0131l Saklanmal\u0131d\u0131r?<\/h4>                <\/div>\r\n                <div class=\"accrodion-content\">\r\n                    <div class=\"inner\">\r\n                        <p class=\"\">Yumurta buzdolab\u0131nda +4\u00b0C s\u0131cakl\u0131kta, karton ambalaj i\u00e7inde saklanmal\u0131d\u0131r. S\u0131cakl\u0131k de\u011fi\u015fimleri yumurta kalitesini olumsuz etkiler.<\/p>                    <\/div><!-- \/.inner -->\r\n                <\/div>\r\n            <\/div>\r\n                    <div class=\"accrodion\">\r\n                <div class=\"accrodion-title\">\r\n                    <h4 class=\"\">Yumurta Kartonda m\u0131, Po\u015fette mi Saklanmal\u0131?<\/h4>                <\/div>\r\n                <div class=\"accrodion-content\">\r\n                    <div class=\"inner\">\r\n                        <p class=\"\">Karton ambalaj nemi dengeler ve kabuk y\u00fczeyinde mikrobiyal geli\u015fimi azalt\u0131r. Bu y\u00fczden kartonda saklamak daha sa\u011fl\u0131kl\u0131d\u0131r.<\/p>                    <\/div><!-- \/.inner -->\r\n                <\/div>\r\n            <\/div>\r\n                    <div class=\"accrodion\">\r\n                <div class=\"accrodion-title\">\r\n                    <h4 class=\"\">Yumurtalar Y\u0131kanmal\u0131 m\u0131?<\/h4>                <\/div>\r\n                <div class=\"accrodion-content\">\r\n                    <div class=\"inner\">\r\n                        <p class=\"\">Yumurta saklanmadan \u00f6nce y\u0131kanmamal\u0131d\u0131r. Y\u0131kama kabuk y\u00fczeyindeki do\u011fal koruyucu tabakay\u0131 kald\u0131r\u0131r ve mikrop giri\u015fini h\u0131zland\u0131r\u0131r. Yeme haz\u0131rlarken hemen \u00f6nce y\u0131kanabilir.<\/p>                    <\/div><!-- \/.inner -->\r\n                <\/div>\r\n            <\/div>\r\n                    <div class=\"accrodion\">\r\n                <div class=\"accrodion-title\">\r\n                    <h4 class=\"\">Yumurtalar Ne Kadar S\u00fcrede T\u00fcketilmeli?<\/h4>                <\/div>\r\n                <div class=\"accrodion-content\">\r\n                    <div class=\"inner\">\r\n                        <p class=\"\">Do\u011fru saklama ko\u015fullar\u0131nda taze yumurtalar 28 g\u00fcn i\u00e7erisinde t\u00fcketilmelidir. Sat\u0131\u015f ambalajlar\u0131 zaten bu standartlara g\u00f6re haz\u0131rlan\u0131r.<\/p>                    <\/div><!-- \/.inner -->\r\n                <\/div>\r\n            <\/div>\r\n                    <div class=\"accrodion\">\r\n                <div class=\"accrodion-title\">\r\n                    <h4 class=\"\">Yumurta Kolesterole Neden Olur Mu?<\/h4>                <\/div>\r\n                <div class=\"accrodion-content\">\r\n                    <div class=\"inner\">\r\n                        <p class=\"\">Yumurtan\u0131n sar\u0131s\u0131nda do\u011fal kolesterol bulunur. Ancak klinik \u00e7al\u0131\u015fmalar, yumurta t\u00fcketiminin sa\u011fl\u0131kl\u0131 bireylerde kolesterol\u00fc y\u00fckseltmedi\u011fini, hatta iyi kolesterol seviyesini destekledi\u011fini g\u00f6stermektedir.<\/p>                    <\/div><!-- \/.inner -->\r\n                <\/div>\r\n            <\/div>\r\n                    <div class=\"accrodion\">\r\n                <div class=\"accrodion-title\">\r\n                    <h4 class=\"\">G\u00fcnde Ka\u00e7 Adet Yumurta T\u00fcketilmeli?<\/h4>                <\/div>\r\n                <div class=\"accrodion-content\">\r\n                    <div class=\"inner\">\r\n                        <p class=\"\">Sa\u011fl\u0131kl\u0131 bireyler i\u00e7in g\u00fcnde 1\u20132 adet yumurta genellikle uygundur. Sporcularda, \u00e7ocuklarda veya hamilelerde t\u00fcketim ihtiyaca g\u00f6re artabilir.<\/p>                    <\/div><!-- \/.inner -->\r\n                <\/div>\r\n            <\/div>\r\n            <\/div>\r\n\t\t\t\t<\/div>\n\t\t\t\t<\/div>\n\t\t\t\t\t<\/div>\n\t\t<\/div>\n\t\t\t\t<div class=\"elementor-column elementor-col-50 elementor-inner-column elementor-element elementor-element-fad1bcd\" data-id=\"fad1bcd\" data-element_type=\"column\">\n\t\t\t<div class=\"elementor-widget-wrap elementor-element-populated\">\n\t\t\t\t\t\t<div class=\"elementor-element elementor-element-7971895 elementor-widget elementor-widget-agrion-faq\" data-id=\"7971895\" data-element_type=\"widget\" data-widget_type=\"agrion-faq.default\">\n\t\t\t\t<div class=\"elementor-widget-container\">\n\t\t\t\t\t    <div class=\"accrodion-grp faq-one-accrodion\" data-grp-name=\"faq-one-accrodion-69d0b1a611cbf\">\r\n                    <div class=\"accrodion active\">\r\n                <div class=\"accrodion-title\">\r\n                    <h4 class=\"\">Yumurta Ka\u00e7 G\u00fcn Dayan\u0131r?<\/h4>                <\/div>\r\n                <div class=\"accrodion-content\">\r\n                    <div class=\"inner\">\r\n                        <p class=\"\">So\u011fuk zincirde saklanan yumurtalar, kabuk b\u00fct\u00fcnl\u00fc\u011f\u00fcne ve s\u0131n\u0131fland\u0131rma standard\u0131na ba\u011fl\u0131 olarak 3\u20134 hafta t\u00fcketim g\u00fcvenli\u011fi sa\u011flar.<\/p>                    <\/div><!-- \/.inner -->\r\n                <\/div>\r\n            <\/div>\r\n                    <div class=\"accrodion\">\r\n                <div class=\"accrodion-title\">\r\n                    <h4 class=\"\">Yumurtan\u0131n Sar\u0131 Rengi Neden Farkl\u0131d\u0131r?<\/h4>                <\/div>\r\n                <div class=\"accrodion-content\">\r\n                    <div class=\"inner\">\r\n                        <p class=\"\">Sar\u0131 renk; tavuklar\u0131n yem i\u00e7eri\u011fine, do\u011fal ye\u015fillik t\u00fcketimine ve dola\u015f\u0131m imkanlar\u0131na g\u00f6re de\u011fi\u015fir. Daha koyu sar\u0131 = daha iyi besin de\u011feri anlam\u0131na gelmez, fakat genelde do\u011fal ye\u015fillik t\u00fcketimiyle ili\u015fkilidir.<\/p>                    <\/div><!-- \/.inner -->\r\n                <\/div>\r\n            <\/div>\r\n                    <div class=\"accrodion\">\r\n                <div class=\"accrodion-title\">\r\n                    <h4 class=\"\">\u00c7ift Sar\u0131l\u0131 Yumurta Nedir?<\/h4>                <\/div>\r\n                <div class=\"accrodion-content\">\r\n                    <div class=\"inner\">\r\n                        <p class=\"\">Gen\u00e7 tavuklar yumurta d\u00f6ng\u00fcs\u00fcne yeni ba\u015flad\u0131\u011f\u0131nda iki sar\u0131 olu\u015fabilir. Besin de\u011feri y\u00fcksektir ve tamamen do\u011fald\u0131r.<\/p>                    <\/div><!-- \/.inner -->\r\n                <\/div>\r\n            <\/div>\r\n                    <div class=\"accrodion\">\r\n                <div class=\"accrodion-title\">\r\n                    <h4 class=\"\">Kahverengi ve Beyaz Yumurta Aras\u0131ndaki Fark Nedir?<\/h4>                <\/div>\r\n                <div class=\"accrodion-content\">\r\n                    <div class=\"inner\">\r\n                        <p class=\"\">Hi\u00e7bir besin fark\u0131 yoktur. Renk yaln\u0131zca tavu\u011fun cinsine g\u00f6re de\u011fi\u015fir.<\/p>                    <\/div><!-- \/.inner -->\r\n                <\/div>\r\n            <\/div>\r\n                    <div class=\"accrodion\">\r\n                <div class=\"accrodion-title\">\r\n                    <h4 class=\"\">Yumurta Raf \u00d6mr\u00fc Ne Belirler?<\/h4>                <\/div>\r\n                <div class=\"accrodion-content\">\r\n                    <div class=\"inner\">\r\n                        <p class=\"\">\u00dcretim tarihi<br>\n\nPaketleme hijyeni<br>\n\nS\u0131cakl\u0131k kontrol\u00fc<br>\n\nKabuk b\u00fct\u00fcnl\u00fc\u011f\u00fc<br>\n\n\u0130zlenebilirlik raporlar\u0131<\/p>                    <\/div><!-- \/.inner -->\r\n                <\/div>\r\n            <\/div>\r\n                    <div class=\"accrodion\">\r\n                <div class=\"accrodion-title\">\r\n                    <h4 class=\"\">Yumurtan\u0131n Kabuk B\u00fct\u00fcnl\u00fc\u011f\u00fc Neden \u00d6nemlidir?<\/h4>                <\/div>\r\n                <div class=\"accrodion-content\">\r\n                    <div class=\"inner\">\r\n                        <p class=\"\">K\u0131r\u0131k kabuk, mikrop giri\u015fine izin verir. K\u0131r\u0131k yumurtalar kesinlikle pi\u015firilmeden t\u00fcketilmemelidir.<\/p>                    <\/div><!-- \/.inner -->\r\n                <\/div>\r\n            <\/div>\r\n                    <div class=\"accrodion\">\r\n                <div class=\"accrodion-title\">\r\n                    <h4 class=\"\">Yumurtalar Neden Boylara Ayr\u0131l\u0131r? (S, M, L, XL)<\/h4>                <\/div>\r\n                <div class=\"accrodion-content\">\r\n                    <div class=\"inner\">\r\n                        <p class=\"\">Tavuk cinsine, ya\u015f\u0131na ve \u00fcretim d\u00f6nemine g\u00f6re yumurtalar gramaja g\u00f6re s\u0131n\u0131fland\u0131r\u0131l\u0131r. Market raf uyumu, kolay ta\u015f\u0131ma ve porsiyonlama a\u00e7\u0131s\u0131ndan standartla\u015ft\u0131rma gerekir.<\/p>                    <\/div><!-- \/.inner -->\r\n                <\/div>\r\n            <\/div>\r\n                    <div class=\"accrodion\">\r\n                <div class=\"accrodion-title\">\r\n                    <h4 class=\"\">Paketli Yumurta m\u0131, A\u00e7\u0131k Yumurta m\u0131?<\/h4>                <\/div>\r\n                <div class=\"accrodion-content\">\r\n                    <div class=\"inner\">\r\n                        <p class=\"\">Paketli yumurta, izlenebilirlik, hijyen kontrol\u00fc ve \u00fcretim sertifikalar\u0131 a\u00e7\u0131s\u0131ndan \u00e7ok daha g\u00fcvenlidir. A\u00e7\u0131k yumurtalarda \u00fcretim tarihi bilinmeyebilir.<\/p>                    <\/div><!-- \/.inner -->\r\n                <\/div>\r\n            <\/div>\r\n                    <div class=\"accrodion\">\r\n                <div class=\"accrodion-title\">\r\n                    <h4 class=\"\">Serbest Gezen Yumurtalar\u0131n Lezzeti Neden Farkl\u0131d\u0131r?<\/h4>                <\/div>\r\n                <div class=\"accrodion-content\">\r\n                    <div class=\"inner\">\r\n                        <p class=\"\">Do\u011fal yem t\u00fcketimi, g\u00fcne\u015f \u0131\u015f\u0131\u011f\u0131, d\u00fc\u015f\u00fck stres seviyesi ve a\u00e7\u0131k alan dola\u015f\u0131m\u0131; yumurta aromas\u0131, sar\u0131 dokusu ve yap\u0131s\u0131nda fark yarat\u0131r.<\/p>                    <\/div><!-- \/.inner -->\r\n                <\/div>\r\n            <\/div>\r\n                    <div class=\"accrodion\">\r\n                <div class=\"accrodion-title\">\r\n                    <h4 class=\"\">Yumurta Alerjisi Nedir?<\/h4>                <\/div>\r\n                <div class=\"accrodion-content\">\r\n                    <div class=\"inner\">\r\n                        <p class=\"\">Baz\u0131 bireyler yumurta beyaz\u0131ndaki proteinlere alerjik olabilir. Belirti g\u00f6r\u00fclmesi durumunda doktor \u00f6nerisi al\u0131nmal\u0131d\u0131r.<\/p>                    <\/div><!-- \/.inner -->\r\n                <\/div>\r\n            <\/div>\r\n                    <div class=\"accrodion\">\r\n                <div class=\"accrodion-title\">\r\n                    <h4 class=\"\">\u0130\u00e7inde Kan Lekesi Olan Yumurtalar Yenebilir mi?<\/h4>                <\/div>\r\n                <div class=\"accrodion-content\">\r\n                    <div class=\"inner\">\r\n                        <p class=\"\">Evet, kan lekeleri tamamen do\u011fald\u0131r, sa\u011fl\u0131k a\u00e7\u0131s\u0131ndan risk ta\u015f\u0131maz. Bu lekeler d\u00f6llenme de\u011fil kabuk veya damar olu\u015fumundan kaynaklanabilir.<\/p>                    <\/div><!-- \/.inner -->\r\n                <\/div>\r\n            <\/div>\r\n                    <div class=\"accrodion\">\r\n                <div class=\"accrodion-title\">\r\n                    <h4 class=\"\">Past\u00f6rize Yumurta Nedir?<\/h4>                <\/div>\r\n                <div class=\"accrodion-content\">\r\n                    <div class=\"inner\">\r\n                        <p class=\"\">Past\u00f6rize yumurtalar \u00e7i\u011f t\u00fcketim, pastac\u0131l\u0131k veya i\u00e7ecekler i\u00e7in kabuksuz olarak mikroorganizma y\u00fck\u00fc azalt\u0131lm\u0131\u015f \u015fekilde i\u015flenir.<\/p>                    <\/div><!-- \/.inner -->\r\n                <\/div>\r\n            <\/div>\r\n            <\/div>\r\n\t\t\t\t<\/div>\n\t\t\t\t<\/div>\n\t\t\t\t\t<\/div>\n\t\t<\/div>\n\t\t\t\t\t<\/div>\n\t\t<\/section>\n\t\t\t\t\t<\/div>\n\t\t<\/div>\n\t\t\t\t\t<\/div>\n\t\t<\/section>\n\t\t\t\t<section class=\"elementor-section elementor-top-section elementor-element elementor-element-f272c76 elementor-section-full_width elementor-section-height-default elementor-section-height-default\" data-id=\"f272c76\" data-element_type=\"section\">\n\t\t\t\t\t\t<div class=\"elementor-container elementor-column-gap-no\">\n\t\t\t\t\t<div class=\"elementor-column elementor-col-100 elementor-top-column elementor-element elementor-element-02c5693\" data-id=\"02c5693\" data-element_type=\"column\">\n\t\t\t<div class=\"elementor-widget-wrap elementor-element-populated\">\n\t\t\t\t\t\t<div class=\"elementor-element elementor-element-3e60792 elementor-widget elementor-widget-agrion-contact-form\" data-id=\"3e60792\" data-element_type=\"widget\" data-widget_type=\"agrion-contact-form.default\">\n\t\t\t\t<div class=\"elementor-widget-container\">\n\t\t\t\t\t\t<!--Contact Two Start-->\r\n\t<section class=\"contact-two\">\r\n\t\t<div class=\"container\">\r\n\t\t\t\t\t\t\t<div class=\"section-title text-center\">\r\n\t\t\t\t\t<span class=\"section-title__tagline\">Akl\u0131n\u0131za Tak\u0131lan Di\u011fer Sorular \u0130\u00e7in<\/span><h2 class=\"section-title__title\">Bizimle \u0130leti\u015fime Ge\u00e7in<\/h2>\r\n\t\t\t\t\t<div class=\"section-title__icon\">\r\n\t\t\t\t\t\t<img decoding=\"async\" src=\"https:\/\/mehmetelvan.com\/wp-content\/uploads\/2023\/01\/section-title-icon-1.png\" alt=\"alt\" title=\"section-title-icon-1\" >\t\t\t\t\t<\/div>\r\n\r\n\t\t\t\t<\/div>\r\n\t\t\t\t\t\t<div class=\"contact-two__form-box\">\r\n\t\t\t\t<div class=\"wpcf7 no-js\" id=\"wpcf7-f549-o1\" lang=\"en-US\" dir=\"ltr\" data-wpcf7-id=\"549\">\n<div class=\"screen-reader-response\"><p role=\"status\" aria-live=\"polite\" aria-atomic=\"true\"><\/p> <ul><\/ul><\/div>\n<form action=\"\/ar\/wp-json\/wp\/v2\/pages\/531#wpcf7-f549-o1\" method=\"post\" class=\"wpcf7-form init\" aria-label=\"Contact form\" novalidate=\"novalidate\" data-status=\"init\" data-trp-original-action=\"\/ar\/wp-json\/wp\/v2\/pages\/531#wpcf7-f549-o1\">\n<fieldset class=\"hidden-fields-container\"><input type=\"hidden\" name=\"_wpcf7\" value=\"549\" \/><input type=\"hidden\" name=\"_wpcf7_version\" value=\"6.1.4\" \/><input type=\"hidden\" name=\"_wpcf7_locale\" value=\"en_US\" \/><input type=\"hidden\" name=\"_wpcf7_unit_tag\" value=\"wpcf7-f549-o1\" \/><input type=\"hidden\" name=\"_wpcf7_container_post\" value=\"0\" \/><input type=\"hidden\" name=\"_wpcf7_posted_data_hash\" value=\"\" \/>\n<\/fieldset>\n<div class=\"row\">\n    <div class=\"col-xl-6\">\n        <div class=\"contact-form__input-box\">\n            <span class=\"wpcf7-form-control-wrap\" data-name=\"name\"><input size=\"40\" maxlength=\"400\" class=\"wpcf7-form-control wpcf7-text wpcf7-validates-as-required\" aria-required=\"true\" aria-invalid=\"false\" placeholder=\"\u0627\u0633\u0645\u0643\" value=\"\" type=\"text\" name=\"name\" \/><\/span>\n        <\/div>\n    <\/div>\n    <div class=\"col-xl-6\">\n        <div class=\"contact-form__input-box\">\n          <span class=\"wpcf7-form-control-wrap\" data-name=\"email\"><input size=\"40\" maxlength=\"400\" class=\"wpcf7-form-control wpcf7-email wpcf7-validates-as-required wpcf7-text wpcf7-validates-as-email\" aria-required=\"true\" aria-invalid=\"false\" placeholder=\"\u0639\u0646\u0648\u0627\u0646 \u0628\u0631\u064a\u062f\u0643 \u0627\u0644\u0625\u0644\u0643\u062a\u0631\u0648\u0646\u064a\" value=\"\" type=\"email\" name=\"email\" \/><\/span>\n        <\/div>\n    <\/div>\n    <div class=\"col-xl-6\">\n        <div class=\"contact-form__input-box\">\n            <span class=\"wpcf7-form-control-wrap\" data-name=\"phone\"><input size=\"40\" maxlength=\"400\" class=\"wpcf7-form-control wpcf7-text wpcf7-validates-as-required\" aria-required=\"true\" aria-invalid=\"false\" placeholder=\"\u0631\u0642\u0645 \u0647\u0627\u062a\u0641\u0643\" value=\"\" type=\"text\" name=\"phone\" \/><\/span>\n        <\/div>\n    <\/div>\n    <div class=\"col-xl-6\">\n        <div class=\"contact-form__input-box\">\n             <span class=\"wpcf7-form-control-wrap\" data-name=\"Subject\"><input size=\"40\" maxlength=\"400\" class=\"wpcf7-form-control wpcf7-text wpcf7-validates-as-required\" aria-required=\"true\" aria-invalid=\"false\" value=\"Konu\" type=\"text\" name=\"Subject\" \/><\/span> \n        <\/div>\n    <\/div>\n<\/div>\n<div class=\"row\">\n    <div class=\"col-xl-12\">\n        <div class=\"contact-form__input-box text-message-box\">\n            <span class=\"wpcf7-form-control-wrap\" data-name=\"message\"><textarea cols=\"40\" rows=\"10\" maxlength=\"2000\" class=\"wpcf7-form-control wpcf7-textarea wpcf7-validates-as-required\" aria-required=\"true\" aria-invalid=\"false\" placeholder=\"\u0631\u0633\u0627\u0644\u062a\u0643\" name=\"message\"><\/textarea><\/span>\n        <\/div>\n        <div class=\"contact-form__btn-box\">\n            <button class=\"thm-btn contact-two__btn\">\u0625\u0631\u0633\u0627\u0644<i\n                    class=\"icon-right-arrow\"><\/i> <\/button>\n        <\/div>\n    <\/div>\n<\/div><div class=\"wpcf7-response-output\" aria-hidden=\"true\"><\/div>\n<input type=\"hidden\" name=\"trp-form-language\" value=\"ar\"\/><\/form>\n<\/div>\t\t\t<\/div>\r\n\t\t<\/div>\r\n\t<\/section>\r\n\t<!--Contact Two End-->\r\n\t\t\t\t<\/div>\n\t\t\t\t<\/div>\n\t\t\t\t\t<\/div>\n\t\t<\/div>\n\t\t\t\t\t<\/div>\n\t\t<\/section>\n\t\t\t\t<\/div>","protected":false},"excerpt":{"rendered":"<p>Serbest Gezen Tavuk Yumurtas\u0131 Nedir? Serbest gezen tavuk yumurtalar\u0131, tavuklar\u0131n geni\u015f alanlarda dola\u015fabildi\u011fi, do\u011fal g\u00fcne\u015f \u0131\u015f\u0131\u011f\u0131 ald\u0131\u011f\u0131 ve do\u011fal davran\u0131\u015flar\u0131n\u0131 sergileyebildi\u011fi \u00e7iftlik ko\u015fullar\u0131nda elde edilen yumurtalard\u0131r. Kafes i\u00e7inde tutulmazlar ve do\u011fal hareketlilikleri besin kalitesine olumlu yans\u0131r. Organik Yumurta ve Serbest Gezen Yumurta Aras\u0131ndaki Fark Nedir? Organik yumurta \u00fcretiminde yem tamamen organiktir ve kimyasal katk\u0131 i\u00e7ermez. [&hellip;]<\/p>","protected":false},"author":1,"featured_media":0,"parent":0,"menu_order":0,"comment_status":"closed","ping_status":"closed","template":"elementor_header_footer","meta":{"footnotes":""},"class_list":["post-531","page","type-page","status-publish","hentry"],"_links":{"self":[{"href":"https:\/\/mehmetelvan.com\/ar\/wp-json\/wp\/v2\/pages\/531","targetHints":{"allow":["GET"]}}],"collection":[{"href":"https:\/\/mehmetelvan.com\/ar\/wp-json\/wp\/v2\/pages"}],"about":[{"href":"https:\/\/mehmetelvan.com\/ar\/wp-json\/wp\/v2\/types\/page"}],"author":[{"embeddable":true,"href":"https:\/\/mehmetelvan.com\/ar\/wp-json\/wp\/v2\/users\/1"}],"replies":[{"embeddable":true,"href":"https:\/\/mehmetelvan.com\/ar\/wp-json\/wp\/v2\/comments?post=531"}],"version-history":[{"count":8,"href":"https:\/\/mehmetelvan.com\/ar\/wp-json\/wp\/v2\/pages\/531\/revisions"}],"predecessor-version":[{"id":1719,"href":"https:\/\/mehmetelvan.com\/ar\/wp-json\/wp\/v2\/pages\/531\/revisions\/1719"}],"wp:attachment":[{"href":"https:\/\/mehmetelvan.com\/ar\/wp-json\/wp\/v2\/media?parent=531"}],"curies":[{"name":"wp","href":"https:\/\/api.w.org\/{rel}","templated":true}]}}