{"id":1792,"date":"2025-12-09T09:16:06","date_gmt":"2025-12-09T09:16:06","guid":{"rendered":"https:\/\/mehmetelvan.com\/?page_id=1792"},"modified":"2026-01-22T08:03:07","modified_gmt":"2026-01-22T08:03:07","slug":"sosyal-sorumluluk-projeleri","status":"publish","type":"page","link":"https:\/\/mehmetelvan.com\/ar\/sosyal-sorumluluk-projeleri\/","title":{"rendered":"\u0645\u0634\u0627\u0631\u064a\u0639 \u0627\u0644\u0645\u0633\u0624\u0648\u0644\u064a\u0629 \u0627\u0644\u0627\u062c\u062a\u0645\u0627\u0639\u064a\u0629"},"content":{"rendered":"<div data-elementor-type=\"wp-page\" data-elementor-id=\"1792\" class=\"elementor elementor-1792\" data-elementor-post-type=\"page\">\n\t\t\t\t<div class=\"elementor-element elementor-element-1702e25 e-flex e-con-boxed e-con e-parent\" data-id=\"1702e25\" data-element_type=\"container\">\n\t\t\t\t\t<div class=\"e-con-inner\">\n\t\t\t\t<div class=\"elementor-element elementor-element-fdead5c elementor-widget elementor-widget-spacer\" data-id=\"fdead5c\" data-element_type=\"widget\" data-widget_type=\"spacer.default\">\n\t\t\t\t\t\t\t<div class=\"elementor-spacer\">\n\t\t\t<div class=\"elementor-spacer-inner\"><\/div>\n\t\t<\/div>\n\t\t\t\t\t\t<\/div>\n\t\t\t\t\t<\/div>\n\t\t\t\t<\/div>\n\t\t<div class=\"elementor-element elementor-element-c1a5176 e-flex e-con-boxed e-con e-parent\" data-id=\"c1a5176\" data-element_type=\"container\">\n\t\t\t\t\t<div class=\"e-con-inner\">\n\t\t\t\t<div class=\"elementor-element elementor-element-3fcfeec elementor-widget elementor-widget-heading\" data-id=\"3fcfeec\" data-element_type=\"widget\" data-widget_type=\"heading.default\">\n\t\t\t\t\t<h2 class=\"elementor-heading-title elementor-size-default\">\u0130yilikle B\u00fcy\u00fcyen Bir Yolculuk...<\/h2>\t\t\t\t<\/div>\n\t\t\t\t\t<\/div>\n\t\t\t\t<\/div>\n\t\t<div class=\"elementor-element elementor-element-4099656 e-flex e-con-boxed e-con e-parent\" data-id=\"4099656\" data-element_type=\"container\">\n\t\t\t\t\t<div class=\"e-con-inner\">\n\t\t\t\t<div class=\"elementor-element elementor-element-e91c031 elementor-widget elementor-widget-heading\" data-id=\"e91c031\" data-element_type=\"widget\" data-widget_type=\"heading.default\">\n\t\t\t\t\t<p class=\"elementor-heading-title elementor-size-default\">Evrenkaya olarak sadece \u00fcretim yapan bir marka de\u011fil, ayn\u0131 zamanda ya\u015fad\u0131\u011f\u0131m\u0131z \u00e7evreye, do\u011faya ve topluma kar\u015f\u0131 sorumluluklar\u0131n\u0131 yerine getiren bir aileyiz. Y\u0131llard\u0131r cami, \u00e7e\u015fme, do\u011fal ya\u015fam alanlar\u0131, e\u011fitim deste\u011fi ve yerel sosyal projelere katk\u0131 sa\u011flayarak; ya\u015fad\u0131\u011f\u0131m\u0131z topraklar\u0131n k\u00fclt\u00fcrel miras\u0131na sahip \u00e7\u0131kmay\u0131 g\u00f6rev edindik.<br><br>\n\nSosyal sorumluluk projelerimiz, bizim i\u00e7in bir zorunluluktan ziyade g\u00f6n\u00fclden gelen bir iyilik hareketidir. Her deste\u011fimiz, hem ge\u00e7mi\u015fe duydu\u011fumuz sayg\u0131n\u0131n hem de gelece\u011fe b\u0131rakmak istedi\u011fimiz iyili\u011fin bir yans\u0131mas\u0131d\u0131r. Bizim i\u00e7in sosyal sorumluluk yaln\u0131zca ba\u011f\u0131\u015f ya da yard\u0131m yapmak de\u011fil; bir k\u00f6y\u00fcn, bir mahallenin ve bir toplulu\u011fun ya\u015fam\u0131na kal\u0131c\u0131 de\u011fer katmak, insanlar\u0131n g\u00fcnl\u00fck hayatlar\u0131na dokunabilmek ve s\u00fcrd\u00fcr\u00fclebilir bir iyilik k\u00fclt\u00fcr\u00fc olu\u015fturmakt\u0131r. \nEvrenkaya ailesi olarak inan\u0131yoruz ki, iyilik payla\u015ft\u0131k\u00e7a \u00e7o\u011fal\u0131r. Bug\u00fcn yapt\u0131\u011f\u0131m\u0131z k\u00fc\u00e7\u00fck dokunu\u015flar, yar\u0131n\u0131n en k\u0131ymetli miras\u0131 olacakt\u0131r.<\/p>\t\t\t\t<\/div>\n\t\t\t\t\t<\/div>\n\t\t\t\t<\/div>\n\t\t<div class=\"elementor-element elementor-element-7ceb714 e-grid e-con-boxed e-con e-parent\" data-id=\"7ceb714\" data-element_type=\"container\">\n\t\t\t\t\t<div class=\"e-con-inner\">\n\t\t\t\t<div class=\"elementor-element elementor-element-75944f5 elementor-cta--skin-cover elementor-animated-content elementor-bg-transform elementor-bg-transform-zoom-in elementor-widget elementor-widget-call-to-action\" data-id=\"75944f5\" data-element_type=\"widget\" data-widget_type=\"call-to-action.default\">\n\t\t\t\t\t\t\t<div class=\"elementor-cta\">\n\t\t\t\t\t<div class=\"elementor-cta__bg-wrapper\">\n\t\t\t\t<div class=\"elementor-cta__bg elementor-bg\" style=\"background-image: url(https:\/\/mehmetelvan.com\/wp-content\/uploads\/2025\/12\/unnamed.webp);\" role=\"img\" aria-label=\"unnamed\"><\/div>\n\t\t\t\t<div class=\"elementor-cta__bg-overlay\"><\/div>\n\t\t\t<\/div>\n\t\t\t\t\t\t\t<div class=\"elementor-cta__content\">\n\t\t\t\t\n\t\t\t\t\t\t\t\t\t<h2 class=\"elementor-cta__title elementor-cta__content-item elementor-content-item elementor-animated-item--grow\">\n\t\t\t\t\t\tMEHMET YA\u015eAR EVRENKAYA CAM\u0130\u0130\t\t\t\t\t<\/h2>\n\t\t\t\t\n\t\t\t\t\t\t\t\t\t<div class=\"elementor-cta__description elementor-cta__content-item elementor-content-item elementor-animated-item--grow\">\n\t\t\t\t\t\tEvrenkaya ailesi taraf\u0131ndan, merhum Mehmet Ya\u015far Evrenkaya ad\u0131na yapt\u0131r\u0131lan cami. -  2017\t\t\t\t\t<\/div>\n\t\t\t\t\n\t\t\t\t\t\t\t\t\t<div class=\"elementor-cta__button-wrapper elementor-cta__content-item elementor-content-item elementor-animated-item--grow\">\n\t\t\t\t\t<a class=\"elementor-cta__button elementor-button elementor-size-\" href=\"https:\/\/maps.app.goo.gl\/o4GQNxaPqQP9GkUJA\" target=\"_blank\" rel=\"noopener\">\n\t\t\t\t\t\tZiyaret Et\t\t\t\t\t<\/a>\n\t\t\t\t\t<\/div>\n\t\t\t\t\t\t\t<\/div>\n\t\t\t\t\t\t<\/div>\n\t\t\t\t\t\t<\/div>\n\t\t\t\t<div class=\"elementor-element elementor-element-7f43332 elementor-cta--skin-cover elementor-animated-content elementor-bg-transform elementor-bg-transform-zoom-in elementor-widget elementor-widget-call-to-action\" data-id=\"7f43332\" data-element_type=\"widget\" data-widget_type=\"call-to-action.default\">\n\t\t\t\t\t\t\t<div class=\"elementor-cta\">\n\t\t\t\t\t<div class=\"elementor-cta__bg-wrapper\">\n\t\t\t\t<div class=\"elementor-cta__bg elementor-bg\" style=\"background-image: url(https:\/\/mehmetelvan.com\/wp-content\/uploads\/2026\/01\/kulliye.jpg);\" role=\"img\" aria-label=\"ku\u0308lliye\"><\/div>\n\t\t\t\t<div class=\"elementor-cta__bg-overlay\"><\/div>\n\t\t\t<\/div>\n\t\t\t\t\t\t\t<div class=\"elementor-cta__content\">\n\t\t\t\t\n\t\t\t\t\t\t\t\t\t<h2 class=\"elementor-cta__title elementor-cta__content-item elementor-content-item elementor-animated-item--grow\">\n\t\t\t\t\t\tMEHMET YA\u015eAR EVRENKAYA K\u00dcLL\u0130YES\u0130 \t\t\t\t\t<\/h2>\n\t\t\t\t\n\t\t\t\t\t\t\t\t\t<div class=\"elementor-cta__description elementor-cta__content-item elementor-content-item elementor-animated-item--grow\">\n\t\t\t\t\t\tEvrenkaya ailesi taraf\u0131ndan hayata ge\u00e7irilen k\u00fclliye; cami, sosyal destek birimleri ve toplumsal hizmet alanlar\u0131yla kamu yarar\u0131na hizmet veren b\u00fct\u00fcnc\u00fcl bir yap\u0131d\u0131r. - 2019\t\t\t\t\t<\/div>\n\t\t\t\t\n\t\t\t\t\t\t\t\t\t<div class=\"elementor-cta__button-wrapper elementor-cta__content-item elementor-content-item elementor-animated-item--grow\">\n\t\t\t\t\t<a class=\"elementor-cta__button elementor-button elementor-size-\" href=\"https:\/\/maps.app.goo.gl\/AqnhCxe1EATMnb7j9\" target=\"_blank\" rel=\"noopener\">\n\t\t\t\t\t\tZiyaret Et\t\t\t\t\t<\/a>\n\t\t\t\t\t<\/div>\n\t\t\t\t\t\t\t<\/div>\n\t\t\t\t\t\t<\/div>\n\t\t\t\t\t\t<\/div>\n\t\t\t\t\t<\/div>\n\t\t\t\t<\/div>\n\t\t<div class=\"elementor-element elementor-element-c4faddb e-grid e-con-boxed e-con e-parent\" data-id=\"c4faddb\" data-element_type=\"container\">\n\t\t\t\t\t<div class=\"e-con-inner\">\n\t\t\t\t<div class=\"elementor-element elementor-element-99d8e4e elementor-cta--skin-cover elementor-animated-content elementor-bg-transform elementor-bg-transform-zoom-in elementor-widget elementor-widget-call-to-action\" data-id=\"99d8e4e\" data-element_type=\"widget\" data-widget_type=\"call-to-action.default\">\n\t\t\t\t\t\t\t<div class=\"elementor-cta\">\n\t\t\t\t\t<div class=\"elementor-cta__bg-wrapper\">\n\t\t\t\t<div class=\"elementor-cta__bg elementor-bg\" style=\"background-image: url(https:\/\/mehmetelvan.com\/wp-content\/uploads\/2026\/01\/WhatsApp-Image-2026-01-15-at-09.53.14-1024x768.jpeg);\" role=\"img\" aria-label=\"WhatsApp Image 2026-01-15 at 09.53.14\"><\/div>\n\t\t\t\t<div class=\"elementor-cta__bg-overlay\"><\/div>\n\t\t\t<\/div>\n\t\t\t\t\t\t\t<div class=\"elementor-cta__content\">\n\t\t\t\t\n\t\t\t\t\t\t\t\t\t<h2 class=\"elementor-cta__title elementor-cta__content-item elementor-content-item elementor-animated-item--grow\">\n\t\t\t\t\t\tHACI ES\u0130N EVRENKAYA KUR'AN KURSU\t\t\t\t\t<\/h2>\n\t\t\t\t\n\t\t\t\t\t\t\t\t\t<div class=\"elementor-cta__description elementor-cta__content-item elementor-content-item elementor-animated-item--grow\">\n\t\t\t\t\t\tEvrenkaya ailesi taraf\u0131ndan hayata ge\u00e7irilen Kur\u2019an kursu; e\u011fitim, ibadet ve toplumsal dayan\u0131\u015fmay\u0131 esas alan bir hizmet yap\u0131s\u0131 olarak kamu yarar\u0131na faaliyet g\u00f6stermektedir. 2015\t\t\t\t\t<\/div>\n\t\t\t\t\n\t\t\t\t\t\t\t\t\t<div class=\"elementor-cta__button-wrapper elementor-cta__content-item elementor-content-item elementor-animated-item--grow\">\n\t\t\t\t\t<a class=\"elementor-cta__button elementor-button elementor-size-\" href=\"https:\/\/maps.app.goo.gl\/R4de5uFHHBsrJ1Lv5\" target=\"_blank\" rel=\"noopener\">\n\t\t\t\t\t\tZiyaret Et\t\t\t\t\t<\/a>\n\t\t\t\t\t<\/div>\n\t\t\t\t\t\t\t<\/div>\n\t\t\t\t\t\t<\/div>\n\t\t\t\t\t\t<\/div>\n\t\t\t\t<div class=\"elementor-element elementor-element-c2895d4 elementor-cta--skin-cover elementor-animated-content elementor-bg-transform elementor-bg-transform-zoom-in elementor-widget elementor-widget-call-to-action\" data-id=\"c2895d4\" data-element_type=\"widget\" data-widget_type=\"call-to-action.default\">\n\t\t\t\t\t\t\t<div class=\"elementor-cta\">\n\t\t\t\t\t<div class=\"elementor-cta__bg-wrapper\">\n\t\t\t\t<div class=\"elementor-cta__bg elementor-bg\" style=\"background-image: url(https:\/\/mehmetelvan.com\/wp-content\/uploads\/2026\/01\/kulliye.png);\" role=\"img\" aria-label=\"ku\u0308lliye\"><\/div>\n\t\t\t\t<div class=\"elementor-cta__bg-overlay\"><\/div>\n\t\t\t<\/div>\n\t\t\t\t\t\t\t<div class=\"elementor-cta__content\">\n\t\t\t\t\n\t\t\t\t\t\t\t\t\t<h2 class=\"elementor-cta__title elementor-cta__content-item elementor-content-item elementor-animated-item--grow\">\n\t\t\t\t\t\t\u0130\u011eDE DEDE T\u00dcRBES\u0130\t\t\t\t\t<\/h2>\n\t\t\t\t\n\t\t\t\t\t\t\t\t\t<div class=\"elementor-cta__description elementor-cta__content-item elementor-content-item elementor-animated-item--grow\">\n\t\t\t\t\t\t\u0130\u011fde Dede T\u00fcrbesi\u2019nin sosyal sorumluluk kapsam\u0131nda bak\u0131m, onar\u0131m ve ihtiya\u00e7lar\u0131; tarih\u00ee ve din\u00ee de\u011ferlere sayg\u0131 anlay\u0131\u015f\u0131yla Evrenkaya ailesi taraf\u0131ndan kar\u015f\u0131lanmaktad\u0131r. - 1990\t\t\t\t\t<\/div>\n\t\t\t\t\n\t\t\t\t\t\t\t\t\t<div class=\"elementor-cta__button-wrapper elementor-cta__content-item elementor-content-item elementor-animated-item--grow\">\n\t\t\t\t\t<a class=\"elementor-cta__button elementor-button elementor-size-\" href=\"https:\/\/maps.app.goo.gl\/CDq2vuNemrFTPmc5A\" target=\"_blank\" rel=\"noopener\">\n\t\t\t\t\t\tZiyaret Et\t\t\t\t\t<\/a>\n\t\t\t\t\t<\/div>\n\t\t\t\t\t\t\t<\/div>\n\t\t\t\t\t\t<\/div>\n\t\t\t\t\t\t<\/div>\n\t\t\t\t\t<\/div>\n\t\t\t\t<\/div>\n\t\t<div class=\"elementor-element elementor-element-8adaa34 e-flex e-con-boxed e-con e-parent\" data-id=\"8adaa34\" data-element_type=\"container\">\n\t\t\t\t\t<div class=\"e-con-inner\">\n\t\t\t\t<div class=\"elementor-element elementor-element-21ae9bc elementor-widget elementor-widget-agrion-video\" data-id=\"21ae9bc\" data-element_type=\"widget\" data-widget_type=\"agrion-video.default\">\n\t\t\t\t<div class=\"elementor-widget-container\">\n\t\t\t\t\t    <!--Video One Start-->\r\n    <section class=\"video-one\">\r\n        <div class=\"video-one-bg jarallax\" data-jarallax data-speed=\"0.2\" data-imgposition=\"50% 0%\" style=\"            background-image: url(https:\/\/mehmetelvan.com\/wp-content\/uploads\/2026\/01\/Ekran-Resmi-2026-01-22-10.59.41-scaled.png);          \"><\/div>\r\n        <div class=\"container\">\r\n            <div class=\"row\">\r\n                <div class=\"col-xl-12\">\r\n                    <div class=\"video-one__inner\">\r\n                                                    <div class=\"video-one__video-link\">\r\n                                <a href=\"https:\/\/www.youtube.com\/watch?v=j12YgVDH4pg\" class=\"video-popup\" target=\"_blank\" rel=\"noopener\">\r\n                                    <div class=\"video-one__video-icon\">\r\n                                        <span class=\"fa fa-play\"><\/span>\r\n                                        <i class=\"ripple\"><\/i>\r\n                                    <\/div>\r\n                                <\/a>\r\n                            <\/div>\r\n                                                <div class=\"video-one__shape\">\r\n                                                    <\/div>\r\n                        <h2 class=\"video-one__video-title\">Hay\u0131rsever 1.B\u00f6l\u00fcm<\/h2>                    <\/div>\r\n                <\/div>\r\n            <\/div>\r\n        <\/div>\r\n    <\/section>\r\n    <!--Video One End-->\r\n\t\t\t\t<\/div>\n\t\t\t\t<\/div>\n\t\t\t\t\t<\/div>\n\t\t\t\t<\/div>\n\t\t\t\t<\/div>","protected":false},"excerpt":{"rendered":"<p>\u0130yilikle B\u00fcy\u00fcyen Bir Yolculuk&#8230; Evrenkaya olarak sadece \u00fcretim yapan bir marka de\u011fil, ayn\u0131 zamanda ya\u015fad\u0131\u011f\u0131m\u0131z \u00e7evreye, do\u011faya ve topluma kar\u015f\u0131 sorumluluklar\u0131n\u0131 yerine getiren bir aileyiz. Y\u0131llard\u0131r cami, \u00e7e\u015fme, do\u011fal ya\u015fam alanlar\u0131, e\u011fitim deste\u011fi ve yerel sosyal projelere katk\u0131 sa\u011flayarak; ya\u015fad\u0131\u011f\u0131m\u0131z topraklar\u0131n k\u00fclt\u00fcrel miras\u0131na sahip \u00e7\u0131kmay\u0131 g\u00f6rev edindik. Sosyal sorumluluk projelerimiz, bizim i\u00e7in bir zorunluluktan ziyade [&hellip;]<\/p>","protected":false},"author":2,"featured_media":0,"parent":0,"menu_order":0,"comment_status":"closed","ping_status":"closed","template":"elementor_header_footer","meta":{"footnotes":""},"class_list":["post-1792","page","type-page","status-publish","hentry"],"_links":{"self":[{"href":"https:\/\/mehmetelvan.com\/ar\/wp-json\/wp\/v2\/pages\/1792","targetHints":{"allow":["GET"]}}],"collection":[{"href":"https:\/\/mehmetelvan.com\/ar\/wp-json\/wp\/v2\/pages"}],"about":[{"href":"https:\/\/mehmetelvan.com\/ar\/wp-json\/wp\/v2\/types\/page"}],"author":[{"embeddable":true,"href":"https:\/\/mehmetelvan.com\/ar\/wp-json\/wp\/v2\/users\/2"}],"replies":[{"embeddable":true,"href":"https:\/\/mehmetelvan.com\/ar\/wp-json\/wp\/v2\/comments?post=1792"}],"version-history":[{"count":34,"href":"https:\/\/mehmetelvan.com\/ar\/wp-json\/wp\/v2\/pages\/1792\/revisions"}],"predecessor-version":[{"id":2175,"href":"https:\/\/mehmetelvan.com\/ar\/wp-json\/wp\/v2\/pages\/1792\/revisions\/2175"}],"wp:attachment":[{"href":"https:\/\/mehmetelvan.com\/ar\/wp-json\/wp\/v2\/media?parent=1792"}],"curies":[{"name":"wp","href":"https:\/\/api.w.org\/{rel}","templated":true}]}}